{"id":1383,"date":"2025-05-19T20:41:13","date_gmt":"2025-05-19T20:41:13","guid":{"rendered":"https:\/\/leapscribe.se.hemsida.eu\/?page_id=1383"},"modified":"2025-05-19T20:45:11","modified_gmt":"2025-05-19T20:45:11","slug":"cookies","status":"publish","type":"page","link":"https:\/\/leapscribe.se\/en\/cookies\/","title":{"rendered":"Cookies"},"content":{"rendered":"<p>Du kan n\u00e4r som helst \u00e4ndra dina cookieinst\u00e4llningar genom att klicka p\u00e5 knappen ovan. Detta l\u00e5ter dig \u00e5terv\u00e4nda till bannern f\u00f6r cookie-samtycke och \u00e4ndra dina inst\u00e4llningar eller \u00e5terkalla ditt samtycke direkt.<\/p>\n<p>Ut\u00f6ver detta erbjuder olika webbl\u00e4sare olika metoder f\u00f6r att blockera och ta bort cookies som anv\u00e4nds av webbplatser. Du kan \u00e4ndra inst\u00e4llningarna i din webbl\u00e4sare f\u00f6r att blockera\/ta bort cookies. Nedan listas l\u00e4nkar till supportdokument om hur du hanterar och tar bort cookies fr\u00e5n de vanligaste webbl\u00e4sarna.<\/p>\n<p>Chrome: <a href=\"https:\/\/support.google.com\/accounts\/answer\/32050\" target=\"_blank\" rel=\"noopener nofollow\">https:\/\/support.google.com\/accounts\/answer\/32050<\/a><\/p>\n<p>Safari: <a href=\"https:\/\/support.apple.com\/en-in\/guide\/safari\/sfri11471\/mac\" target=\"_blank\" rel=\"noopener nofollow\">https:\/\/support.apple.com\/en-in\/guide\/safari\/sfri11471\/mac<\/a><\/p>\n<p>Firefox: <a href=\"https:\/\/support.mozilla.org\/en-US\/kb\/clear-cookies-and-site-data-firefox?redirectslug=delete-cookies-remove-info-websites-stored&amp;redirectlocale=en-US\" target=\"_blank\" rel=\"noopener nofollow\">https:\/\/support.mozilla.org\/en-US\/kb\/clear-cookies-and-site-data-firefox?redirectslug=delete-cookies-remove-info-websites-stored&amp;redirectlocale=en-US<\/a><\/p>\n<p>Internet Explorer: <a href=\"https:\/\/support.microsoft.com\/en-us\/topic\/how-to-delete-cookie-files-in-internet-explorer-bca9446f-d873-78de-77ba-d42645fa52fc\" target=\"_blank\" rel=\"noopener nofollow\">https:\/\/support.microsoft.com\/en-us\/topic\/how-to-delete-cookie-files-in-internet-explorer-bca9446f-d873-78de-77ba-d42645fa52fc<\/a><\/p>\n<p>Om du anv\u00e4nder n\u00e5gon annan webbl\u00e4sare, v\u00e4nligen bes\u00f6k din webbl\u00e4sares officiella supportdokument.<\/p>","protected":false},"excerpt":{"rendered":"<p>Du kan n\u00e4r som helst \u00e4ndra dina cookieinst\u00e4llningar genom att klicka p\u00e5 knappen ovan. Detta l\u00e5ter dig \u00e5terv\u00e4nda till bannern f\u00f6r cookie-samtycke och \u00e4ndra dina inst\u00e4llningar eller \u00e5terkalla ditt samtycke direkt. Ut\u00f6ver detta erbjuder olika webbl\u00e4sare olika metoder f\u00f6r att blockera och ta bort cookies som anv\u00e4nds av webbplatser. Du kan \u00e4ndra inst\u00e4llningarna i din [&hellip;]<\/p>\n","protected":false},"author":2,"featured_media":0,"parent":0,"menu_order":0,"comment_status":"closed","ping_status":"closed","template":"","meta":{"_acf_changed":false,"footnotes":""},"class_list":["post-1383","page","type-page","status-publish","hentry"],"acf":[],"_links":{"self":[{"href":"https:\/\/leapscribe.se\/en\/wp-json\/wp\/v2\/pages\/1383","targetHints":{"allow":["GET"]}}],"collection":[{"href":"https:\/\/leapscribe.se\/en\/wp-json\/wp\/v2\/pages"}],"about":[{"href":"https:\/\/leapscribe.se\/en\/wp-json\/wp\/v2\/types\/page"}],"author":[{"embeddable":true,"href":"https:\/\/leapscribe.se\/en\/wp-json\/wp\/v2\/users\/2"}],"replies":[{"embeddable":true,"href":"https:\/\/leapscribe.se\/en\/wp-json\/wp\/v2\/comments?post=1383"}],"version-history":[{"count":5,"href":"https:\/\/leapscribe.se\/en\/wp-json\/wp\/v2\/pages\/1383\/revisions"}],"predecessor-version":[{"id":1396,"href":"https:\/\/leapscribe.se\/en\/wp-json\/wp\/v2\/pages\/1383\/revisions\/1396"}],"wp:attachment":[{"href":"https:\/\/leapscribe.se\/en\/wp-json\/wp\/v2\/media?parent=1383"}],"curies":[{"name":"wp","href":"https:\/\/api.w.org\/{rel}","templated":true}]}}